{"id":1774,"date":"2024-06-04T11:33:42","date_gmt":"2024-06-04T09:33:42","guid":{"rendered":"http:\/\/andrologie-zentrum.de\/news\/?page_id=1774"},"modified":"2026-03-29T10:30:43","modified_gmt":"2026-03-29T08:30:43","slug":"erektile-dysfunktion-schwarzer-muenchen","status":"publish","type":"page","link":"https:\/\/andrologie-zentrum.de\/news\/erektile-dysfunktion-schwarzer-muenchen\/","title":{"rendered":"Erektile Dysfunktion"},"content":{"rendered":"<div data-colibri-id=\"1774-c1\" class=\"style-1244 style-local-1774-c1 position-relative\">\n  <!---->\n  <div data-colibri-component=\"section\" data-colibri-id=\"1774-c2\" id=\"custom\" class=\"h-section h-section-global-spacing d-flex align-items-lg-center align-items-md-center align-items-center style-1248 style-local-1774-c2 position-relative\">\n    <!---->\n    <!---->\n    <div class=\"h-section-grid-container h-section-boxed-container\">\n      <!---->\n      <div data-colibri-id=\"1774-c3\" class=\"h-row-container gutters-row-lg-2 gutters-row-md-2 gutters-row-0 gutters-row-v-lg-2 gutters-row-v-md-2 gutters-row-v-2 style-1249 style-local-1774-c3 position-relative\">\n        <!---->\n        <div class=\"h-row justify-content-lg-center justify-content-md-center justify-content-center align-items-lg-stretch align-items-md-stretch align-items-stretch gutters-col-lg-2 gutters-col-md-2 gutters-col-0 gutters-col-v-lg-2 gutters-col-v-md-2 gutters-col-v-2\">\n          <!---->\n          <div class=\"h-column h-column-container d-flex h-col-lg-auto h-col-md-auto h-col-auto style-1250-outer style-local-1774-c4-outer\">\n            <div data-colibri-id=\"1774-c4\" class=\"d-flex h-flex-basis h-column__inner h-px-lg-2 h-px-md-2 h-px-2 v-inner-lg-2 v-inner-md-2 v-inner-2 style-1250 style-local-1774-c4 position-relative\">\n              <!---->\n              <!---->\n              <div class=\"w-100 h-y-container h-column__content h-column__v-align flex-basis-100 align-self-lg-start align-self-md-start align-self-start\">\n                <!---->\n                <div data-colibri-id=\"1774-c5\" class=\"h-text h-text-component style-1540 style-local-1774-c5 position-relative h-element\">\n                  <!---->\n                  <!---->\n                  <div class=\"\">\n                    <h2>Ursachen von Potenzst\u00f6rung behandeln<\/h2>\n                    <p>Einer der Schwerpunkte des <em>Andrologie-Centrum-M\u00fcnchen<\/em> ist die Abkl\u00e4rung und Behandlung von Potenzst\u00f6rungen (=erektile <em>Dysfunktion <\/em>oder Impotenz). Die Ursachen hierf\u00fcr k\u00f6nnen vielf\u00e4ltig sein. Urs\u00e4chlich k\u00f6nnen sowohl\n                      organische als auch psychische Faktoren sein. Die Aufgabe des\/der Andrologen\/Andrologin besteht darin, zun\u00e4chst bei einem ausf\u00fchrlichen Gespr\u00e4ch (Sexualanamnese) die m\u00f6gliche Ursache&nbsp;zu erforschen und dann individuell auf den\n                      einzelnen Patienten abgestimmt die Therapie einzuleiten.<\/p>\n                    <p>Therapie: Hierzu stehen heute viele M\u00f6glichkeiten, wie verschiedene als Tabletten einzunehmende Medikamente (z. B. die PDE5-Inhibitoren), aber auch Salben oder Kapseln f\u00fcr die Einbringung in die Harnr\u00f6hre (MUSE, Vitaros) oder Injektionen\n                      in die Schwellk\u00f6rper (SKAT) sowie andere Hilfsmittel (z. B. Vakuumerektionshilfe) zur Verf\u00fcgung. Als letztes Mittel kommt auch die Einbringung eines Schwellk\u00f6rperimplantates (&#8222;Penisprothese&#8220;) in Frage, wobei dieser Eingriff von unserem\n                      Zentrum nicht mehr durchgef\u00fchrt wird, aber von einem Arzt in einer kooperierenden Klinik.<\/p>\n                    <p>Die Andrologen\/innen des <em>Andrologie-Centrum-M\u00fcnchen<\/em> verf\u00fcgen \u00fcber langj\u00e4hrige Erfahrungen bei der&nbsp;Behandlung von Potenzst\u00f6rungen und haben bereits sehr vielen betroffenen M\u00e4nnern geholfen. Sie verf\u00fcgen \u00fcber das n\u00f6tige\n                      Einf\u00fchlungsverm\u00f6gen, um auf jeden einzelnen Patienten eingehen zu k\u00f6nnen. Denn viele M\u00e4nner scheuen sich, \u00fcber das&nbsp;sie sehr belastende Problem&nbsp;mit anderen Menschen zu sprechen, finden aber in unserer andrologischen Spezialsprechstunde\n                      immer einen kompetenten und einf\u00fchlsamen Ansprechpartner, der ihnen bei der L\u00f6sung ihres Problems zur Seite steht.<\/p>\n                  <\/div>\n                <\/div>\n              <\/div>\n            <\/div>\n          <\/div>\n        <\/div>\n      <\/div>\n    <\/div>\n  <\/div>\n  <div data-colibri-component=\"section\" data-colibri-id=\"1774-c6\" id=\"reusable-sections\" class=\"h-section h-section-global-spacing d-flex align-items-lg-center align-items-md-center align-items-center style-2691 style-local-1774-c6 position-relative\">\n    <!---->\n    <!---->\n    <div class=\"h-section-grid-container h-section-boxed-container\">\n      <!---->\n      <div data-colibri-id=\"1774-c7\" class=\"h-row-container gutters-row-lg-3 gutters-row-md-0 gutters-row-2 gutters-row-v-lg-3 gutters-row-v-md-0 gutters-row-v-3 style-2692 style-local-1774-c7 position-relative\">\n        <!---->\n        <div class=\"h-row justify-content-lg-center justify-content-md-center justify-content-center align-items-lg-stretch align-items-md-stretch align-items-stretch gutters-col-lg-3 gutters-col-md-0 gutters-col-2 gutters-col-v-lg-3 gutters-col-v-md-0 gutters-col-v-3\">\n          <!---->\n          <div class=\"h-column h-column-container d-flex h-col-lg-4 h-col-md-4 h-col-12 style-2693-outer style-local-1774-c8-outer\">\n            <div data-colibri-id=\"1774-c8\" class=\"d-flex h-flex-basis h-column__inner h-px-lg-3 h-px-md-3 h-px-3 v-inner-lg-0 v-inner-md-3 v-inner-2 style-2693 style-local-1774-c8 position-relative\">\n              <!---->\n              <!---->\n              <div class=\"w-100 h-y-container h-column__content h-column__v-align flex-basis-100 align-self-lg-start align-self-md-start align-self-start\">\n                <!---->\n                <div data-colibri-id=\"1774-c9\" class=\"d-block style-2972 style-local-1774-c9 position-relative h-element\">\n                  <!---->\n                  <div class=\"h-image__frame-container-outer\">\n                    <div class=\"h-image__frame-container\">\n                      <!---->\n                      <!---->\n                      <img loading=\"lazy\" decoding=\"async\" width=\"288\" height=\"288\" src=\"https:\/\/andrologie-zentrum.de\/news\/wp-content\/uploads\/2026\/01\/cropped-cropped-cropped-cropped-cropped-andrologie-zentrum-account-icon-3-1.png\" class=\"wp-image-8303 style-2972-image style-local-1774-c9-image\" alt=\"andrologie-zentrum-account-icon-3\" srcset=\"https:\/\/andrologie-zentrum.de\/news\/wp-content\/uploads\/2026\/01\/cropped-cropped-cropped-cropped-cropped-andrologie-zentrum-account-icon-3-1.png 288w, https:\/\/andrologie-zentrum.de\/news\/wp-content\/uploads\/2026\/01\/cropped-cropped-cropped-cropped-cropped-andrologie-zentrum-account-icon-3-1-150x150.png 150w\" sizes=\"(max-width: 288px) 100vw, 288px\" \/>\n                      <div class=\"h-image__frame h-hide-lg h-hide-md h-hide-sm style-2972-frameImage style-local-1774-c9-frameImage\"><\/div>\n                    <\/div>\n                  <\/div>\n                <\/div>\n                <div data-colibri-id=\"1774-c10\" class=\"h-global-transition-all h-heading style-2695 style-local-1774-c10 position-relative h-element\">\n                  <!---->\n                  <div class=\"h-heading__outer style-2695 style-local-1774-c10\">\n                    <!---->\n                    <!---->\n                    <h5 class=\"\">Patientenbewertung<\/h5>\n                  <\/div>\n                <\/div>\n                <div data-colibri-id=\"1774-c11\" class=\"h-text h-text-component style-2696 style-local-1774-c11 position-relative h-element\">\n                  <!---->\n                  <!---->\n                  <div class=\"\">\n                    <p>\n                      <a href=\"https:\/\/www.jameda.de\/johannes-ullrich-schwarzer\" target=\"_blank\" rel=\"noopener\">Beste Noten als Androloge aus M\u00fcnchen auf jameda<\/a>\n                    <\/p>\n                  <\/div>\n                <\/div>\n              <\/div>\n            <\/div>\n          <\/div>\n          <div class=\"h-column h-column-container d-flex h-col-lg-4 h-col-md-4 h-col-12 style-2693-outer style-local-1774-c12-outer\">\n            <div data-colibri-id=\"1774-c12\" class=\"d-flex h-flex-basis h-column__inner h-px-lg-3 h-px-md-3 h-px-3 v-inner-lg-0 v-inner-md-3 v-inner-2 style-2693 style-local-1774-c12 position-relative\">\n              <!---->\n              <!---->\n              <div class=\"w-100 h-y-container h-column__content h-column__v-align flex-basis-100 align-self-lg-start align-self-md-start align-self-start\">\n                <!---->\n                <div data-colibri-id=\"1774-c13\" class=\"d-block style-2697 style-local-1774-c13 position-relative h-element\">\n                  <!---->\n                  <div class=\"h-image__frame-container-outer\">\n                    <a href=\"https:\/\/www.focus-gesundheit.de\/arzt\/prof-dr-med-dr-med-habil-johannes-ullrich-schwarzer-1179887\" h-use-smooth-scroll=\"true\" class=\"image-link\">\n                      <div class=\"h-image__frame-container\">\n                        <!---->\n                        <!---->\n                        <img decoding=\"async\" src=\"https:\/\/andrologie-zentrum.de\/news\/wp-content\/uploads\/2022\/07\/andrologie-zentrum-fcg-top-mediziner-2022-small.png\" class=\"style-2697-image style-local-1774-c13-image\">\n                        <div class=\"h-image__frame h-hide-lg h-hide-md h-hide-sm style-2697-frameImage style-local-1774-c13-frameImage\"><\/div>\n                      <\/div>\n                    <\/a>\n                  <\/div>\n                <\/div>\n                <div data-colibri-id=\"1774-c14\" class=\"h-global-transition-all h-heading style-2695 style-local-1774-c14 position-relative h-element\">\n                  <!---->\n                  <div class=\"h-heading__outer style-2695 style-local-1774-c14\">\n                    <!---->\n                    <!---->\n                    <h5 class=\"\">Top-Mediziner<\/h5>\n                  <\/div>\n                <\/div>\n                <div data-colibri-id=\"1774-c15\" class=\"h-text h-text-component style-2696 style-local-1774-c15 position-relative h-element\">\n                  <!---->\n                  <!---->\n                  <div class=\"\">\n                    <p>FOCUS Top-Mediziner 2026 unter\n                      <br>Arztsuche f\u00fcr&nbsp;Andrologie<\/p>\n                  <\/div>\n                <\/div>\n              <\/div>\n            <\/div>\n          <\/div>\n        <\/div>\n      <\/div>\n    <\/div>\n  <\/div>\n<\/div>","protected":false},"excerpt":{"rendered":"<p>Ursachen von Potenzst\u00f6rung behandeln Einer der Schwerpunkte des Andrologie-Centrum-M\u00fcnchen ist die Abkl\u00e4rung und Behandlung von Potenzst\u00f6rungen (=erektile Dysfunktion oder Impotenz). Die Ursachen hierf\u00fcr k\u00f6nnen vielf\u00e4ltig sein. Urs\u00e4chlich k\u00f6nnen sowohl organische als auch psychische Faktoren sein. Die Aufgabe des\/der Andrologen\/Andrologin besteht darin, zun\u00e4chst bei einem ausf\u00fchrlichen Gespr\u00e4ch (Sexualanamnese) die m\u00f6gliche Ursache&nbsp;zu erforschen und dann individuell auf [&hellip;]<\/p>\n","protected":false},"author":1,"featured_media":0,"parent":0,"menu_order":0,"comment_status":"closed","ping_status":"closed","template":"page-templates\/full-width-page.php","meta":{"footnotes":""},"yoast_head":"<!-- This site is optimized with the Yoast SEO plugin v22.7 - https:\/\/yoast.com\/wordpress\/plugins\/seo\/ -->\n<title>Erektile Dysfunktion - Andrologie Centrum M\u00fcnchen Prof. Dr. med. J. Ullrich Schwarzer<\/title>\n<meta name=\"description\" content=\"Andrologie Centrum M\u00fcnchen Prof. Dr. med. J. Ullrich Schwarzer\" \/>\n<meta name=\"robots\" content=\"index, follow, max-snippet:-1, max-image-preview:large, max-video-preview:-1\" \/>\n<link rel=\"canonical\" href=\"https:\/\/andrologie-zentrum.de\/news\/erektile-dysfunktion-schwarzer-muenchen\/\" \/>\n<meta property=\"og:locale\" content=\"de_DE\" \/>\n<meta property=\"og:type\" content=\"article\" \/>\n<meta property=\"og:title\" content=\"Erektile Dysfunktion - Andrologie Centrum M\u00fcnchen Prof. Dr. med. J. Ullrich Schwarzer\" \/>\n<meta property=\"og:description\" content=\"Andrologie Centrum M\u00fcnchen Prof. Dr. med. J. Ullrich Schwarzer\" \/>\n<meta property=\"og:url\" content=\"https:\/\/andrologie-zentrum.de\/news\/erektile-dysfunktion-schwarzer-muenchen\/\" \/>\n<meta property=\"og:site_name\" content=\"Andrologie Centrum M\u00fcnchen Prof. Dr. med. J. Ullrich Schwarzer\" \/>\n<meta property=\"article:modified_time\" content=\"2026-03-29T08:30:43+00:00\" \/>\n<meta property=\"og:image\" content=\"https:\/\/andrologie-zentrum.de\/news\/wp-content\/uploads\/2026\/01\/cropped-cropped-cropped-cropped-cropped-andrologie-zentrum-account-icon-3-1.png\" \/>\n<meta name=\"twitter:card\" content=\"summary_large_image\" \/>\n<meta name=\"twitter:label1\" content=\"Gesch\u00e4tzte Lesezeit\" \/>\n\t<meta name=\"twitter:data1\" content=\"1\u00a0Minute\" \/>\n<script type=\"application\/ld+json\" class=\"yoast-schema-graph\">{\"@context\":\"https:\/\/schema.org\",\"@graph\":[{\"@type\":\"WebPage\",\"@id\":\"https:\/\/andrologie-zentrum.de\/news\/erektile-dysfunktion-schwarzer-muenchen\/\",\"url\":\"https:\/\/andrologie-zentrum.de\/news\/erektile-dysfunktion-schwarzer-muenchen\/\",\"name\":\"Erektile Dysfunktion - Andrologie Centrum M\u00fcnchen Prof. Dr. med. J. Ullrich Schwarzer\",\"isPartOf\":{\"@id\":\"https:\/\/andrologie-zentrum.de\/news\/#website\"},\"primaryImageOfPage\":{\"@id\":\"https:\/\/andrologie-zentrum.de\/news\/erektile-dysfunktion-schwarzer-muenchen\/#primaryimage\"},\"image\":{\"@id\":\"https:\/\/andrologie-zentrum.de\/news\/erektile-dysfunktion-schwarzer-muenchen\/#primaryimage\"},\"thumbnailUrl\":\"https:\/\/andrologie-zentrum.de\/news\/wp-content\/uploads\/2026\/01\/cropped-cropped-cropped-cropped-cropped-andrologie-zentrum-account-icon-3-1.png\",\"datePublished\":\"2024-06-04T09:33:42+00:00\",\"dateModified\":\"2026-03-29T08:30:43+00:00\",\"description\":\"Andrologie Centrum M\u00fcnchen Prof. Dr. med. J. Ullrich Schwarzer\",\"breadcrumb\":{\"@id\":\"https:\/\/andrologie-zentrum.de\/news\/erektile-dysfunktion-schwarzer-muenchen\/#breadcrumb\"},\"inLanguage\":\"de\",\"potentialAction\":[{\"@type\":\"ReadAction\",\"target\":[\"https:\/\/andrologie-zentrum.de\/news\/erektile-dysfunktion-schwarzer-muenchen\/\"]}]},{\"@type\":\"ImageObject\",\"inLanguage\":\"de\",\"@id\":\"https:\/\/andrologie-zentrum.de\/news\/erektile-dysfunktion-schwarzer-muenchen\/#primaryimage\",\"url\":\"https:\/\/andrologie-zentrum.de\/news\/wp-content\/uploads\/2026\/01\/cropped-cropped-cropped-cropped-cropped-andrologie-zentrum-account-icon-3-1.png\",\"contentUrl\":\"https:\/\/andrologie-zentrum.de\/news\/wp-content\/uploads\/2026\/01\/cropped-cropped-cropped-cropped-cropped-andrologie-zentrum-account-icon-3-1.png\",\"width\":288,\"height\":288,\"caption\":\"andrologie-zentrum-account-icon-3\"},{\"@type\":\"BreadcrumbList\",\"@id\":\"https:\/\/andrologie-zentrum.de\/news\/erektile-dysfunktion-schwarzer-muenchen\/#breadcrumb\",\"itemListElement\":[{\"@type\":\"ListItem\",\"position\":1,\"name\":\"Startseite\",\"item\":\"https:\/\/andrologie-zentrum.de\/news\/\"},{\"@type\":\"ListItem\",\"position\":2,\"name\":\"Erektile Dysfunktion\"}]},{\"@type\":\"WebSite\",\"@id\":\"https:\/\/andrologie-zentrum.de\/news\/#website\",\"url\":\"https:\/\/andrologie-zentrum.de\/news\/\",\"name\":\"Andrologie Centrum M\u00fcnchen Prof. Dr. med. J. Ullrich Schwarzer\",\"description\":\"Mikrochirurgie \u2013 Genitalchirurgie \u2013 operative Andrologie in M\u00fcnchen\",\"publisher\":{\"@id\":\"https:\/\/andrologie-zentrum.de\/news\/#organization\"},\"potentialAction\":[{\"@type\":\"SearchAction\",\"target\":{\"@type\":\"EntryPoint\",\"urlTemplate\":\"https:\/\/andrologie-zentrum.de\/news\/?s={search_term_string}\"},\"query-input\":\"required name=search_term_string\"}],\"inLanguage\":\"de\"},{\"@type\":\"Organization\",\"@id\":\"https:\/\/andrologie-zentrum.de\/news\/#organization\",\"name\":\"Andrologie Centrum M\u00fcnchen f\u00fcr Refertilisierung\",\"alternateName\":\"Praxis f\u00fcr Refertilisierung beim Mann und f\u00fcr Andrologie\",\"url\":\"https:\/\/andrologie-zentrum.de\/news\/\",\"logo\":{\"@type\":\"ImageObject\",\"inLanguage\":\"de\",\"@id\":\"https:\/\/andrologie-zentrum.de\/news\/#\/schema\/logo\/image\/\",\"url\":\"https:\/\/andrologie-zentrum.de\/news\/wp-content\/uploads\/2022\/03\/cropped-logo-startseite-andrologie-centrum-muenchen-refertilisierung.png\",\"contentUrl\":\"https:\/\/andrologie-zentrum.de\/news\/wp-content\/uploads\/2022\/03\/cropped-logo-startseite-andrologie-centrum-muenchen-refertilisierung.png\",\"width\":76,\"height\":67,\"caption\":\"Andrologie Centrum M\u00fcnchen f\u00fcr Refertilisierung\"},\"image\":{\"@id\":\"https:\/\/andrologie-zentrum.de\/news\/#\/schema\/logo\/image\/\"}}]}<\/script>\n<!-- \/ Yoast SEO plugin. -->","yoast_head_json":{"title":"Erektile Dysfunktion - Andrologie Centrum M\u00fcnchen Prof. Dr. med. J. Ullrich Schwarzer","description":"Andrologie Centrum M\u00fcnchen Prof. Dr. med. J. Ullrich Schwarzer","robots":{"index":"index","follow":"follow","max-snippet":"max-snippet:-1","max-image-preview":"max-image-preview:large","max-video-preview":"max-video-preview:-1"},"canonical":"https:\/\/andrologie-zentrum.de\/news\/erektile-dysfunktion-schwarzer-muenchen\/","og_locale":"de_DE","og_type":"article","og_title":"Erektile Dysfunktion - Andrologie Centrum M\u00fcnchen Prof. Dr. med. J. Ullrich Schwarzer","og_description":"Andrologie Centrum M\u00fcnchen Prof. Dr. med. J. Ullrich Schwarzer","og_url":"https:\/\/andrologie-zentrum.de\/news\/erektile-dysfunktion-schwarzer-muenchen\/","og_site_name":"Andrologie Centrum M\u00fcnchen Prof. Dr. med. J. Ullrich Schwarzer","article_modified_time":"2026-03-29T08:30:43+00:00","og_image":[{"url":"https:\/\/andrologie-zentrum.de\/news\/wp-content\/uploads\/2026\/01\/cropped-cropped-cropped-cropped-cropped-andrologie-zentrum-account-icon-3-1.png"}],"twitter_card":"summary_large_image","twitter_misc":{"Gesch\u00e4tzte Lesezeit":"1\u00a0Minute"},"schema":{"@context":"https:\/\/schema.org","@graph":[{"@type":"WebPage","@id":"https:\/\/andrologie-zentrum.de\/news\/erektile-dysfunktion-schwarzer-muenchen\/","url":"https:\/\/andrologie-zentrum.de\/news\/erektile-dysfunktion-schwarzer-muenchen\/","name":"Erektile Dysfunktion - Andrologie Centrum M\u00fcnchen Prof. Dr. med. J. Ullrich Schwarzer","isPartOf":{"@id":"https:\/\/andrologie-zentrum.de\/news\/#website"},"primaryImageOfPage":{"@id":"https:\/\/andrologie-zentrum.de\/news\/erektile-dysfunktion-schwarzer-muenchen\/#primaryimage"},"image":{"@id":"https:\/\/andrologie-zentrum.de\/news\/erektile-dysfunktion-schwarzer-muenchen\/#primaryimage"},"thumbnailUrl":"https:\/\/andrologie-zentrum.de\/news\/wp-content\/uploads\/2026\/01\/cropped-cropped-cropped-cropped-cropped-andrologie-zentrum-account-icon-3-1.png","datePublished":"2024-06-04T09:33:42+00:00","dateModified":"2026-03-29T08:30:43+00:00","description":"Andrologie Centrum M\u00fcnchen Prof. Dr. med. J. Ullrich Schwarzer","breadcrumb":{"@id":"https:\/\/andrologie-zentrum.de\/news\/erektile-dysfunktion-schwarzer-muenchen\/#breadcrumb"},"inLanguage":"de","potentialAction":[{"@type":"ReadAction","target":["https:\/\/andrologie-zentrum.de\/news\/erektile-dysfunktion-schwarzer-muenchen\/"]}]},{"@type":"ImageObject","inLanguage":"de","@id":"https:\/\/andrologie-zentrum.de\/news\/erektile-dysfunktion-schwarzer-muenchen\/#primaryimage","url":"https:\/\/andrologie-zentrum.de\/news\/wp-content\/uploads\/2026\/01\/cropped-cropped-cropped-cropped-cropped-andrologie-zentrum-account-icon-3-1.png","contentUrl":"https:\/\/andrologie-zentrum.de\/news\/wp-content\/uploads\/2026\/01\/cropped-cropped-cropped-cropped-cropped-andrologie-zentrum-account-icon-3-1.png","width":288,"height":288,"caption":"andrologie-zentrum-account-icon-3"},{"@type":"BreadcrumbList","@id":"https:\/\/andrologie-zentrum.de\/news\/erektile-dysfunktion-schwarzer-muenchen\/#breadcrumb","itemListElement":[{"@type":"ListItem","position":1,"name":"Startseite","item":"https:\/\/andrologie-zentrum.de\/news\/"},{"@type":"ListItem","position":2,"name":"Erektile Dysfunktion"}]},{"@type":"WebSite","@id":"https:\/\/andrologie-zentrum.de\/news\/#website","url":"https:\/\/andrologie-zentrum.de\/news\/","name":"Andrologie Centrum M\u00fcnchen Prof. Dr. med. J. Ullrich Schwarzer","description":"Mikrochirurgie \u2013 Genitalchirurgie \u2013 operative Andrologie in M\u00fcnchen","publisher":{"@id":"https:\/\/andrologie-zentrum.de\/news\/#organization"},"potentialAction":[{"@type":"SearchAction","target":{"@type":"EntryPoint","urlTemplate":"https:\/\/andrologie-zentrum.de\/news\/?s={search_term_string}"},"query-input":"required name=search_term_string"}],"inLanguage":"de"},{"@type":"Organization","@id":"https:\/\/andrologie-zentrum.de\/news\/#organization","name":"Andrologie Centrum M\u00fcnchen f\u00fcr Refertilisierung","alternateName":"Praxis f\u00fcr Refertilisierung beim Mann und f\u00fcr Andrologie","url":"https:\/\/andrologie-zentrum.de\/news\/","logo":{"@type":"ImageObject","inLanguage":"de","@id":"https:\/\/andrologie-zentrum.de\/news\/#\/schema\/logo\/image\/","url":"https:\/\/andrologie-zentrum.de\/news\/wp-content\/uploads\/2022\/03\/cropped-logo-startseite-andrologie-centrum-muenchen-refertilisierung.png","contentUrl":"https:\/\/andrologie-zentrum.de\/news\/wp-content\/uploads\/2022\/03\/cropped-logo-startseite-andrologie-centrum-muenchen-refertilisierung.png","width":76,"height":67,"caption":"Andrologie Centrum M\u00fcnchen f\u00fcr Refertilisierung"},"image":{"@id":"https:\/\/andrologie-zentrum.de\/news\/#\/schema\/logo\/image\/"}}]}},"_links":{"self":[{"href":"https:\/\/andrologie-zentrum.de\/news\/wp-json\/wp\/v2\/pages\/1774"}],"collection":[{"href":"https:\/\/andrologie-zentrum.de\/news\/wp-json\/wp\/v2\/pages"}],"about":[{"href":"https:\/\/andrologie-zentrum.de\/news\/wp-json\/wp\/v2\/types\/page"}],"author":[{"embeddable":true,"href":"https:\/\/andrologie-zentrum.de\/news\/wp-json\/wp\/v2\/users\/1"}],"replies":[{"embeddable":true,"href":"https:\/\/andrologie-zentrum.de\/news\/wp-json\/wp\/v2\/comments?post=1774"}],"version-history":[{"count":20,"href":"https:\/\/andrologie-zentrum.de\/news\/wp-json\/wp\/v2\/pages\/1774\/revisions"}],"predecessor-version":[{"id":8568,"href":"https:\/\/andrologie-zentrum.de\/news\/wp-json\/wp\/v2\/pages\/1774\/revisions\/8568"}],"wp:attachment":[{"href":"https:\/\/andrologie-zentrum.de\/news\/wp-json\/wp\/v2\/media?parent=1774"}],"curies":[{"name":"wp","href":"https:\/\/api.w.org\/{rel}","templated":true}]}}