{"id":4557,"date":"2022-05-16T12:39:55","date_gmt":"2022-05-16T10:39:55","guid":{"rendered":"http:\/\/andrologie-zentrum.de\/news\/?page_id=4557"},"modified":"2024-10-23T16:49:21","modified_gmt":"2024-10-23T14:49:21","slug":"vita-dipl-inform-univ-dr-med-heiko-wilhelm-steinfatt","status":"publish","type":"page","link":"https:\/\/andrologie-zentrum.de\/news\/team-refertilisierung\/vita-dipl-inform-univ-dr-med-heiko-wilhelm-steinfatt\/","title":{"rendered":"Dr. med. Dipl. Inform.- Univ. Heiko Wilhelm Steinfatt"},"content":{"rendered":"<div data-colibri-id=\"4557-c1\" class=\"style-2323 style-local-4557-c1 position-relative\">\n  <!---->\n  <div data-colibri-component=\"section\" data-colibri-id=\"4557-c2\" id=\"custom\" class=\"h-section h-section-global-spacing d-flex align-items-lg-center align-items-md-center align-items-center style-2324 style-local-4557-c2 position-relative\">\n    <!---->\n    <!---->\n    <div class=\"h-section-grid-container h-section-boxed-container\">\n      <!---->\n      <div data-colibri-id=\"4557-c3\" class=\"h-row-container gutters-row-lg-2 gutters-row-md-2 gutters-row-0 gutters-row-v-lg-2 gutters-row-v-md-2 gutters-row-v-2 style-2325 style-local-4557-c3 position-relative\">\n        <!---->\n        <div class=\"h-row justify-content-lg-center justify-content-md-center justify-content-center align-items-lg-stretch align-items-md-stretch align-items-stretch gutters-col-lg-2 gutters-col-md-2 gutters-col-0 gutters-col-v-lg-2 gutters-col-v-md-2 gutters-col-v-2\">\n          <!---->\n          <div class=\"h-column h-column-container d-flex h-col-lg-auto h-col-md-auto h-col-auto style-2326-outer style-local-4557-c4-outer\">\n            <div data-colibri-id=\"4557-c4\" class=\"d-flex h-flex-basis h-column__inner h-px-lg-2 h-px-md-2 h-px-2 v-inner-lg-2 v-inner-md-2 v-inner-2 style-2326 style-local-4557-c4 position-relative\">\n              <!---->\n              <!---->\n              <div class=\"w-100 h-y-container h-column__content h-column__v-align flex-basis-100 align-self-lg-start align-self-md-start align-self-start\">\n                <!---->\n                <div data-colibri-id=\"4557-c5\" class=\"d-block style-2329 style-local-4557-c5 position-relative h-element\">\n                  <!---->\n                  <div class=\"h-image__frame-container-outer\">\n                    <div class=\"h-image__frame-container\">\n                      <!---->\n                      <!---->\n                      <img loading=\"lazy\" decoding=\"async\" width=\"640\" height=\"800\" src=\"https:\/\/andrologie-zentrum.de\/news\/wp-content\/uploads\/2024\/04\/andrologie-centrum-muenchen-refertilisierung-beratung-heiko-steinfatt-1.jpg\" class=\"wp-image-6572 style-2329-image style-local-4557-c5-image\" alt=\"\" srcset=\"https:\/\/andrologie-zentrum.de\/news\/wp-content\/uploads\/2024\/04\/andrologie-centrum-muenchen-refertilisierung-beratung-heiko-steinfatt-1.jpg 640w, https:\/\/andrologie-zentrum.de\/news\/wp-content\/uploads\/2024\/04\/andrologie-centrum-muenchen-refertilisierung-beratung-heiko-steinfatt-1-240x300.jpg 240w\" sizes=\"(max-width: 640px) 100vw, 640px\" \/>\n                      <div class=\"h-image__frame h-hide-lg h-hide-md h-hide-sm style-2329-frameImage style-local-4557-c5-frameImage\"><\/div>\n                    <\/div>\n                  <\/div>\n                <\/div>\n                <div data-colibri-id=\"4557-c6\" class=\"h-text h-text-component style-2334 style-local-4557-c6 position-relative h-element\">\n                  <!---->\n                  <!---->\n                  <div class=\"\">\n                    <h6>in memoriam <\/h6>\n                    <p><span style=\"font-weight: 600;\">Dr. med. Dipl. Inform.- Univ.&nbsp;<br>Heiko Wilhelm Steinfatt<\/span>\n                      <br>\n                    <\/p>\n                    <p>Facharzt f\u00fcr Urologie und Andrologie, der nach 14 j\u00e4hriger gemeinsamer T\u00e4tigkeit am Andrologie Centrum M\u00fcnchen am 23. M\u00e4rz 2024 v\u00f6llig \u00fcberraschend aus unserer Mitte gerissen worden ist.\n                      <br>\n                    <\/p>\n                    <p>Requiescat in pace<\/p>\n                  <\/div>\n                <\/div>\n              <\/div>\n            <\/div>\n          <\/div>\n          <div class=\"h-column h-column-container d-flex h-col-lg-auto h-col-md-auto h-col-auto style-2327-outer style-local-4557-c7-outer\">\n            <div data-colibri-id=\"4557-c7\" class=\"d-flex h-flex-basis h-column__inner h-px-lg-2 h-px-md-2 h-px-2 v-inner-lg-2 v-inner-md-2 v-inner-2 style-2327 style-local-4557-c7 position-relative\">\n              <!---->\n              <!---->\n              <div class=\"w-100 h-y-container h-column__content h-column__v-align flex-basis-100 align-self-lg-start align-self-md-start align-self-start\">\n                <!---->\n                <div data-colibri-id=\"4557-c8\" class=\"h-text h-text-component style-2328 style-local-4557-c8 position-relative h-element\">\n                  <!---->\n                  <!---->\n                  <div class=\"\">\n                    <p>Studium der Mathematik und der medizinischen Informatik an der Universit\u00e4t Passau.<\/p>\n                    <p>T\u00e4tigkeit am Institut f\u00fcr Angewandte Systemforschung und Operations Research der Universit\u00e4t der Bundeswehr M\u00fcnchen sowie als Software-Entwickler f\u00fcr die Grundstoffindustrie.<\/p>\n                    <p>Medizinstudium an der Ludwigs-Maximilians-Universit\u00e4t M\u00fcnchen und der Mount Sinai School of Medicine New York.<\/p>\n                    <p>Facharztausbildung an der Klinik f\u00fcr Urologie und Kinderurologie am Klinikum Rosenheim.<\/p>\n                    <p>2008 Facharzt f\u00fcr Urologie am Klinikum Rosenheim und DRG-Beauftragter der Klinik f\u00fcr Urologie und Kinderurologie.<\/p>\n                    <p>10\/2010 bis 3\/2012 Facharzt f\u00fcr Urologie zur Weiterbildung in Andrologie in der Praxis f\u00fcr Urologie und Andrologie von Prof. Dr. J. U. Schwarzer in Freising<\/p>\n                    <p>Seit 4\/2012 stellvertretender \u00e4rztlicher Leiter des Andrologie Centrum M\u00fcnchen<\/p>\n                    <p>2012 Verleihung der Zusatzbezeichnung Andrologie durch die Bayer. Landes\u00e4rztekammer<\/p>\n                    <p>2013 Promotion an der Technischen Universit\u00e4t M\u00fcnchen<\/p>\n                    <p>2015 Qualifikation zur fachgebundenen genetischen Beratung durch die Bayer. Landes\u00e4rztekammer<\/p>\n                    <p>&nbsp;<\/p>\n                    <p><span style=\"font-weight: 300;\">Fremdsprachen: englisch, franz\u00f6sisch<\/span><\/p>\n                    <p>\n                      <br>\n                    <\/p>\n                  <\/div>\n                <\/div>\n              <\/div>\n            <\/div>\n          <\/div>\n        <\/div>\n      <\/div>\n      <div data-colibri-id=\"4557-c9\" class=\"h-row-container gutters-row-lg-2 gutters-row-md-2 gutters-row-0 gutters-row-v-lg-2 gutters-row-v-md-2 gutters-row-v-2 style-2330 style-local-4557-c9 position-relative\">\n        <!---->\n        <div class=\"h-row justify-content-lg-center justify-content-md-center justify-content-center align-items-lg-stretch align-items-md-stretch align-items-stretch gutters-col-lg-2 gutters-col-md-2 gutters-col-0 gutters-col-v-lg-2 gutters-col-v-md-2 gutters-col-v-2\">\n          <!---->\n          <div class=\"h-column h-column-container d-flex h-col-lg-auto h-col-md-auto h-col-auto style-2331-outer style-local-4557-c10-outer\">\n            <div data-colibri-id=\"4557-c10\" class=\"d-flex h-flex-basis h-column__inner h-px-lg-2 h-px-md-2 h-px-2 v-inner-lg-2 v-inner-md-2 v-inner-2 style-2331 style-local-4557-c10 position-relative\">\n              <!---->\n              <!---->\n              <div class=\"w-100 h-y-container h-column__content h-column__v-align flex-basis-100 align-self-lg-start align-self-md-start align-self-start\">\n                <!---->\n                <div data-colibri-id=\"4557-c11\" class=\"h-text h-text-component style-2333 style-local-4557-c11 position-relative h-element\">\n                  <!---->\n                  <!---->\n                  <div class=\"\">\n                    <h5><strong style=\"font-weight: 400;\">Literaturverzeichnis<\/strong><span style=\"font-weight: 400;\">:<\/span><\/h5>\n                    <p>Schwarzer, JU, Steinfatt, H, Schleyer, M, K\u00f6hn, FM, Fiedler, K, von Hertwig, I, Kr\u00fcsmann, G, W\u00fcrfel, W (2016)&nbsp;\n                      <a href=\"http:\/\/www.ncbi.nlm.nih.gov\/entrez\/query.fcgi?cmd=Retrieve&amp;db=pubmed&amp;dopt=Abstract&amp;list_uids=26304126\"\n                        style=\"color: rgb(63, 110, 157);\" class=\"customize-unpreviewable\">Microdissection TESE is superior to conventional TESE in patients with nonobstructive azoospermia caused by Y chromosome microdeletions.<\/a>&nbsp;<em>Andrologia<\/em>&nbsp;<strong>48<\/strong>: 402-5<\/p>\n                    <p>Schwarzer, JU, Steinfatt, H (2014)&nbsp;\n                      <a href=\"http:\/\/www.ncbi.nlm.nih.gov\/entrez\/query.fcgi?cmd=Retrieve&amp;db=pubmed&amp;dopt=Abstract&amp;list_uids=25075559\" style=\"color: rgb(63, 110, 157);\" class=\"customize-unpreviewable\">Refertilization surgery. A surgeon&#8217;s experience of over 27 years with nearly 2000 patients.<\/a>&nbsp;<em>Minerva Urol Nefrol<\/em>&nbsp;<strong>66<\/strong>: 203-11<\/p>\n                    <p>Schwarzer, JU, Steinfatt, H, Schleyer, M, K\u00f6hn, FM, Fiedler, K, von Hertwig, I, Kr\u00fcsmann, G, W\u00fcrfel, W (2013)&nbsp;\n                      <a href=\"http:\/\/www.ncbi.nlm.nih.gov\/entrez\/query.fcgi?cmd=Retrieve&amp;db=pubmed&amp;dopt=Abstract&amp;list_uids=24013619\"\n                        style=\"color: rgb(63, 110, 157);\" class=\"customize-unpreviewable\">No relationship between biopsy sites near the main testicular vessels or rete testis and successful sperm retrieval using conventional or microdissection biopsies in 220 non-obstructive azoospermic men.<\/a>&nbsp;<em>Asian J Androl<\/em>&nbsp;<strong>15<\/strong>:\n                      795-8<\/p>\n                    <p>Schwarzer, JU, Steinfatt, H (2013)&nbsp;\n                      <a href=\"http:\/\/www.ncbi.nlm.nih.gov\/entrez\/query.fcgi?cmd=Retrieve&amp;db=pubmed&amp;dopt=Abstract&amp;list_uids=23703100\" style=\"color: rgb(63, 110, 157);\" class=\"customize-unpreviewable\">The role of shortening procedures for the surgical therapy of Peyronie&#8217;s disease.<\/a>&nbsp;<em>Minerva Urol Nefrol<\/em>&nbsp;<strong>65<\/strong>: 125-32<\/p>\n                    <p>Schwarzer, JU, Steinfatt, H (2013)&nbsp;\n                      <a href=\"http:\/\/www.ncbi.nlm.nih.gov\/entrez\/query.fcgi?cmd=Retrieve&amp;db=pubmed&amp;dopt=Abstract&amp;list_uids=23399733\" style=\"color: rgb(63, 110, 157);\" class=\"customize-unpreviewable\">Current status of vasectomy reversal.<\/a>&nbsp;<em>Nat Rev Urol<\/em>&nbsp;<strong>10<\/strong>: 195-205<\/p>\n                    <p>Schwarzer, JU, Steinfatt, H (2012)&nbsp;\n                      <a href=\"http:\/\/www.ncbi.nlm.nih.gov\/entrez\/query.fcgi?cmd=Retrieve&amp;db=pubmed&amp;dopt=Abstract&amp;list_uids=22925461\" style=\"color: rgb(63, 110, 157);\" class=\"customize-unpreviewable\">Tunica albuginea underlap&#8211;a new modification of the Nesbit procedure: description of the technique and preliminary results.<\/a>&nbsp;<em>J Sex Med<\/em>&nbsp;<strong>9<\/strong>: 2970-4<\/p>\n                    <p>\n                      <a href=\"http:\/\/www.ncbi.nlm.nih.gov\/pubmed?term=(((Steinfatt%2BH%5BAuthor%5D)))&amp;dispmax=10\" style=\"font-weight: 400; font-size: 101%; font-family: &quot;Open Sans&quot;; color: rgb(63, 110, 157);\" class=\"customize-unpreviewable\">Publikationsverzeichnis earch PubMed<\/a>\n                    <\/p>\n                  <\/div>\n                <\/div>\n              <\/div>\n            <\/div>\n          <\/div>\n        <\/div>\n      <\/div>\n    <\/div>\n  <\/div>\n<\/div>","protected":false},"excerpt":{"rendered":"<p>in memoriam Dr. med. Dipl. Inform.- Univ.&nbsp;Heiko Wilhelm Steinfatt Facharzt f\u00fcr Urologie und Andrologie, der nach 14 j\u00e4hriger gemeinsamer T\u00e4tigkeit am Andrologie Centrum M\u00fcnchen am 23. M\u00e4rz 2024 v\u00f6llig \u00fcberraschend aus unserer Mitte gerissen worden ist. Requiescat in pace Studium der Mathematik und der medizinischen Informatik an der Universit\u00e4t Passau. T\u00e4tigkeit am Institut f\u00fcr Angewandte [&hellip;]<\/p>\n","protected":false},"author":1,"featured_media":0,"parent":352,"menu_order":0,"comment_status":"closed","ping_status":"closed","template":"page-templates\/full-width-page.php","meta":{"footnotes":""},"yoast_head":"<!-- This site is optimized with the Yoast SEO plugin v22.7 - https:\/\/yoast.com\/wordpress\/plugins\/seo\/ -->\n<title>Dr. med. Dipl. Inform.- Univ. Heiko Wilhelm Steinfatt - Andrologie Centrum M\u00fcnchen Prof. Dr. med. J. Ullrich Schwarzer<\/title>\n<meta name=\"description\" content=\"Andrologie Centrum M\u00fcnchen Prof. Dr. med. J. Ullrich Schwarzer\" \/>\n<meta name=\"robots\" content=\"index, follow, max-snippet:-1, max-image-preview:large, max-video-preview:-1\" \/>\n<link rel=\"canonical\" href=\"https:\/\/andrologie-zentrum.de\/news\/team-refertilisierung\/vita-dipl-inform-univ-dr-med-heiko-wilhelm-steinfatt\/\" \/>\n<meta property=\"og:locale\" content=\"de_DE\" \/>\n<meta property=\"og:type\" content=\"article\" \/>\n<meta property=\"og:title\" content=\"Dr. med. Dipl. Inform.- Univ. Heiko Wilhelm Steinfatt - Andrologie Centrum M\u00fcnchen Prof. Dr. med. J. Ullrich Schwarzer\" \/>\n<meta property=\"og:description\" content=\"Andrologie Centrum M\u00fcnchen Prof. Dr. med. J. Ullrich Schwarzer\" \/>\n<meta property=\"og:url\" content=\"https:\/\/andrologie-zentrum.de\/news\/team-refertilisierung\/vita-dipl-inform-univ-dr-med-heiko-wilhelm-steinfatt\/\" \/>\n<meta property=\"og:site_name\" content=\"Andrologie Centrum M\u00fcnchen Prof. Dr. med. J. Ullrich Schwarzer\" \/>\n<meta property=\"article:modified_time\" content=\"2024-10-23T14:49:21+00:00\" \/>\n<meta property=\"og:image\" content=\"https:\/\/andrologie-zentrum.de\/news\/wp-content\/uploads\/2024\/04\/andrologie-centrum-muenchen-refertilisierung-beratung-heiko-steinfatt-1.jpg\" \/>\n<meta name=\"twitter:card\" content=\"summary_large_image\" \/>\n<meta name=\"twitter:label1\" content=\"Gesch\u00e4tzte Lesezeit\" \/>\n\t<meta name=\"twitter:data1\" content=\"3\u00a0Minuten\" \/>\n<script type=\"application\/ld+json\" class=\"yoast-schema-graph\">{\"@context\":\"https:\/\/schema.org\",\"@graph\":[{\"@type\":\"WebPage\",\"@id\":\"https:\/\/andrologie-zentrum.de\/news\/team-refertilisierung\/vita-dipl-inform-univ-dr-med-heiko-wilhelm-steinfatt\/\",\"url\":\"https:\/\/andrologie-zentrum.de\/news\/team-refertilisierung\/vita-dipl-inform-univ-dr-med-heiko-wilhelm-steinfatt\/\",\"name\":\"Dr. med. Dipl. Inform.- Univ. Heiko Wilhelm Steinfatt - Andrologie Centrum M\u00fcnchen Prof. Dr. med. J. Ullrich Schwarzer\",\"isPartOf\":{\"@id\":\"https:\/\/andrologie-zentrum.de\/news\/#website\"},\"primaryImageOfPage\":{\"@id\":\"https:\/\/andrologie-zentrum.de\/news\/team-refertilisierung\/vita-dipl-inform-univ-dr-med-heiko-wilhelm-steinfatt\/#primaryimage\"},\"image\":{\"@id\":\"https:\/\/andrologie-zentrum.de\/news\/team-refertilisierung\/vita-dipl-inform-univ-dr-med-heiko-wilhelm-steinfatt\/#primaryimage\"},\"thumbnailUrl\":\"https:\/\/andrologie-zentrum.de\/news\/wp-content\/uploads\/2024\/04\/andrologie-centrum-muenchen-refertilisierung-beratung-heiko-steinfatt-1.jpg\",\"datePublished\":\"2022-05-16T10:39:55+00:00\",\"dateModified\":\"2024-10-23T14:49:21+00:00\",\"description\":\"Andrologie Centrum M\u00fcnchen Prof. Dr. med. J. Ullrich Schwarzer\",\"breadcrumb\":{\"@id\":\"https:\/\/andrologie-zentrum.de\/news\/team-refertilisierung\/vita-dipl-inform-univ-dr-med-heiko-wilhelm-steinfatt\/#breadcrumb\"},\"inLanguage\":\"de\",\"potentialAction\":[{\"@type\":\"ReadAction\",\"target\":[\"https:\/\/andrologie-zentrum.de\/news\/team-refertilisierung\/vita-dipl-inform-univ-dr-med-heiko-wilhelm-steinfatt\/\"]}]},{\"@type\":\"ImageObject\",\"inLanguage\":\"de\",\"@id\":\"https:\/\/andrologie-zentrum.de\/news\/team-refertilisierung\/vita-dipl-inform-univ-dr-med-heiko-wilhelm-steinfatt\/#primaryimage\",\"url\":\"https:\/\/andrologie-zentrum.de\/news\/wp-content\/uploads\/2024\/04\/andrologie-centrum-muenchen-refertilisierung-beratung-heiko-steinfatt-1.jpg\",\"contentUrl\":\"https:\/\/andrologie-zentrum.de\/news\/wp-content\/uploads\/2024\/04\/andrologie-centrum-muenchen-refertilisierung-beratung-heiko-steinfatt-1.jpg\",\"width\":640,\"height\":800},{\"@type\":\"BreadcrumbList\",\"@id\":\"https:\/\/andrologie-zentrum.de\/news\/team-refertilisierung\/vita-dipl-inform-univ-dr-med-heiko-wilhelm-steinfatt\/#breadcrumb\",\"itemListElement\":[{\"@type\":\"ListItem\",\"position\":1,\"name\":\"Startseite\",\"item\":\"https:\/\/andrologie-zentrum.de\/news\/\"},{\"@type\":\"ListItem\",\"position\":2,\"name\":\"Unser Team\",\"item\":\"https:\/\/andrologie-zentrum.de\/news\/team-refertilisierung\/\"},{\"@type\":\"ListItem\",\"position\":3,\"name\":\"Dr. med. Dipl. Inform.- Univ. Heiko Wilhelm Steinfatt\"}]},{\"@type\":\"WebSite\",\"@id\":\"https:\/\/andrologie-zentrum.de\/news\/#website\",\"url\":\"https:\/\/andrologie-zentrum.de\/news\/\",\"name\":\"Andrologie Centrum M\u00fcnchen Prof. Dr. med. J. Ullrich Schwarzer\",\"description\":\"Mikrochirurgie \u2013 Genitalchirurgie \u2013 operative Andrologie in M\u00fcnchen\",\"publisher\":{\"@id\":\"https:\/\/andrologie-zentrum.de\/news\/#organization\"},\"potentialAction\":[{\"@type\":\"SearchAction\",\"target\":{\"@type\":\"EntryPoint\",\"urlTemplate\":\"https:\/\/andrologie-zentrum.de\/news\/?s={search_term_string}\"},\"query-input\":\"required name=search_term_string\"}],\"inLanguage\":\"de\"},{\"@type\":\"Organization\",\"@id\":\"https:\/\/andrologie-zentrum.de\/news\/#organization\",\"name\":\"Andrologie Centrum M\u00fcnchen f\u00fcr Refertilisierung\",\"alternateName\":\"Praxis f\u00fcr Refertilisierung beim Mann und f\u00fcr Andrologie\",\"url\":\"https:\/\/andrologie-zentrum.de\/news\/\",\"logo\":{\"@type\":\"ImageObject\",\"inLanguage\":\"de\",\"@id\":\"https:\/\/andrologie-zentrum.de\/news\/#\/schema\/logo\/image\/\",\"url\":\"https:\/\/andrologie-zentrum.de\/news\/wp-content\/uploads\/2022\/03\/cropped-logo-startseite-andrologie-centrum-muenchen-refertilisierung.png\",\"contentUrl\":\"https:\/\/andrologie-zentrum.de\/news\/wp-content\/uploads\/2022\/03\/cropped-logo-startseite-andrologie-centrum-muenchen-refertilisierung.png\",\"width\":76,\"height\":67,\"caption\":\"Andrologie Centrum M\u00fcnchen f\u00fcr Refertilisierung\"},\"image\":{\"@id\":\"https:\/\/andrologie-zentrum.de\/news\/#\/schema\/logo\/image\/\"}}]}<\/script>\n<!-- \/ Yoast SEO plugin. -->","yoast_head_json":{"title":"Dr. med. Dipl. Inform.- Univ. Heiko Wilhelm Steinfatt - Andrologie Centrum M\u00fcnchen Prof. Dr. med. J. Ullrich Schwarzer","description":"Andrologie Centrum M\u00fcnchen Prof. Dr. med. J. Ullrich Schwarzer","robots":{"index":"index","follow":"follow","max-snippet":"max-snippet:-1","max-image-preview":"max-image-preview:large","max-video-preview":"max-video-preview:-1"},"canonical":"https:\/\/andrologie-zentrum.de\/news\/team-refertilisierung\/vita-dipl-inform-univ-dr-med-heiko-wilhelm-steinfatt\/","og_locale":"de_DE","og_type":"article","og_title":"Dr. med. Dipl. Inform.- Univ. Heiko Wilhelm Steinfatt - Andrologie Centrum M\u00fcnchen Prof. Dr. med. J. Ullrich Schwarzer","og_description":"Andrologie Centrum M\u00fcnchen Prof. Dr. med. J. Ullrich Schwarzer","og_url":"https:\/\/andrologie-zentrum.de\/news\/team-refertilisierung\/vita-dipl-inform-univ-dr-med-heiko-wilhelm-steinfatt\/","og_site_name":"Andrologie Centrum M\u00fcnchen Prof. Dr. med. J. Ullrich Schwarzer","article_modified_time":"2024-10-23T14:49:21+00:00","og_image":[{"url":"https:\/\/andrologie-zentrum.de\/news\/wp-content\/uploads\/2024\/04\/andrologie-centrum-muenchen-refertilisierung-beratung-heiko-steinfatt-1.jpg"}],"twitter_card":"summary_large_image","twitter_misc":{"Gesch\u00e4tzte Lesezeit":"3\u00a0Minuten"},"schema":{"@context":"https:\/\/schema.org","@graph":[{"@type":"WebPage","@id":"https:\/\/andrologie-zentrum.de\/news\/team-refertilisierung\/vita-dipl-inform-univ-dr-med-heiko-wilhelm-steinfatt\/","url":"https:\/\/andrologie-zentrum.de\/news\/team-refertilisierung\/vita-dipl-inform-univ-dr-med-heiko-wilhelm-steinfatt\/","name":"Dr. med. Dipl. Inform.- Univ. Heiko Wilhelm Steinfatt - Andrologie Centrum M\u00fcnchen Prof. Dr. med. J. Ullrich Schwarzer","isPartOf":{"@id":"https:\/\/andrologie-zentrum.de\/news\/#website"},"primaryImageOfPage":{"@id":"https:\/\/andrologie-zentrum.de\/news\/team-refertilisierung\/vita-dipl-inform-univ-dr-med-heiko-wilhelm-steinfatt\/#primaryimage"},"image":{"@id":"https:\/\/andrologie-zentrum.de\/news\/team-refertilisierung\/vita-dipl-inform-univ-dr-med-heiko-wilhelm-steinfatt\/#primaryimage"},"thumbnailUrl":"https:\/\/andrologie-zentrum.de\/news\/wp-content\/uploads\/2024\/04\/andrologie-centrum-muenchen-refertilisierung-beratung-heiko-steinfatt-1.jpg","datePublished":"2022-05-16T10:39:55+00:00","dateModified":"2024-10-23T14:49:21+00:00","description":"Andrologie Centrum M\u00fcnchen Prof. Dr. med. J. Ullrich Schwarzer","breadcrumb":{"@id":"https:\/\/andrologie-zentrum.de\/news\/team-refertilisierung\/vita-dipl-inform-univ-dr-med-heiko-wilhelm-steinfatt\/#breadcrumb"},"inLanguage":"de","potentialAction":[{"@type":"ReadAction","target":["https:\/\/andrologie-zentrum.de\/news\/team-refertilisierung\/vita-dipl-inform-univ-dr-med-heiko-wilhelm-steinfatt\/"]}]},{"@type":"ImageObject","inLanguage":"de","@id":"https:\/\/andrologie-zentrum.de\/news\/team-refertilisierung\/vita-dipl-inform-univ-dr-med-heiko-wilhelm-steinfatt\/#primaryimage","url":"https:\/\/andrologie-zentrum.de\/news\/wp-content\/uploads\/2024\/04\/andrologie-centrum-muenchen-refertilisierung-beratung-heiko-steinfatt-1.jpg","contentUrl":"https:\/\/andrologie-zentrum.de\/news\/wp-content\/uploads\/2024\/04\/andrologie-centrum-muenchen-refertilisierung-beratung-heiko-steinfatt-1.jpg","width":640,"height":800},{"@type":"BreadcrumbList","@id":"https:\/\/andrologie-zentrum.de\/news\/team-refertilisierung\/vita-dipl-inform-univ-dr-med-heiko-wilhelm-steinfatt\/#breadcrumb","itemListElement":[{"@type":"ListItem","position":1,"name":"Startseite","item":"https:\/\/andrologie-zentrum.de\/news\/"},{"@type":"ListItem","position":2,"name":"Unser Team","item":"https:\/\/andrologie-zentrum.de\/news\/team-refertilisierung\/"},{"@type":"ListItem","position":3,"name":"Dr. med. Dipl. Inform.- Univ. Heiko Wilhelm Steinfatt"}]},{"@type":"WebSite","@id":"https:\/\/andrologie-zentrum.de\/news\/#website","url":"https:\/\/andrologie-zentrum.de\/news\/","name":"Andrologie Centrum M\u00fcnchen Prof. Dr. med. J. Ullrich Schwarzer","description":"Mikrochirurgie \u2013 Genitalchirurgie \u2013 operative Andrologie in M\u00fcnchen","publisher":{"@id":"https:\/\/andrologie-zentrum.de\/news\/#organization"},"potentialAction":[{"@type":"SearchAction","target":{"@type":"EntryPoint","urlTemplate":"https:\/\/andrologie-zentrum.de\/news\/?s={search_term_string}"},"query-input":"required name=search_term_string"}],"inLanguage":"de"},{"@type":"Organization","@id":"https:\/\/andrologie-zentrum.de\/news\/#organization","name":"Andrologie Centrum M\u00fcnchen f\u00fcr Refertilisierung","alternateName":"Praxis f\u00fcr Refertilisierung beim Mann und f\u00fcr Andrologie","url":"https:\/\/andrologie-zentrum.de\/news\/","logo":{"@type":"ImageObject","inLanguage":"de","@id":"https:\/\/andrologie-zentrum.de\/news\/#\/schema\/logo\/image\/","url":"https:\/\/andrologie-zentrum.de\/news\/wp-content\/uploads\/2022\/03\/cropped-logo-startseite-andrologie-centrum-muenchen-refertilisierung.png","contentUrl":"https:\/\/andrologie-zentrum.de\/news\/wp-content\/uploads\/2022\/03\/cropped-logo-startseite-andrologie-centrum-muenchen-refertilisierung.png","width":76,"height":67,"caption":"Andrologie Centrum M\u00fcnchen f\u00fcr Refertilisierung"},"image":{"@id":"https:\/\/andrologie-zentrum.de\/news\/#\/schema\/logo\/image\/"}}]}},"_links":{"self":[{"href":"https:\/\/andrologie-zentrum.de\/news\/wp-json\/wp\/v2\/pages\/4557"}],"collection":[{"href":"https:\/\/andrologie-zentrum.de\/news\/wp-json\/wp\/v2\/pages"}],"about":[{"href":"https:\/\/andrologie-zentrum.de\/news\/wp-json\/wp\/v2\/types\/page"}],"author":[{"embeddable":true,"href":"https:\/\/andrologie-zentrum.de\/news\/wp-json\/wp\/v2\/users\/1"}],"replies":[{"embeddable":true,"href":"https:\/\/andrologie-zentrum.de\/news\/wp-json\/wp\/v2\/comments?post=4557"}],"version-history":[{"count":13,"href":"https:\/\/andrologie-zentrum.de\/news\/wp-json\/wp\/v2\/pages\/4557\/revisions"}],"predecessor-version":[{"id":7203,"href":"https:\/\/andrologie-zentrum.de\/news\/wp-json\/wp\/v2\/pages\/4557\/revisions\/7203"}],"up":[{"embeddable":true,"href":"https:\/\/andrologie-zentrum.de\/news\/wp-json\/wp\/v2\/pages\/352"}],"wp:attachment":[{"href":"https:\/\/andrologie-zentrum.de\/news\/wp-json\/wp\/v2\/media?parent=4557"}],"curies":[{"name":"wp","href":"https:\/\/api.w.org\/{rel}","templated":true}]}}