{"id":7121,"date":"2024-10-22T16:59:07","date_gmt":"2024-10-22T14:59:07","guid":{"rendered":"https:\/\/andrologie-zentrum.de\/news\/?page_id=7121"},"modified":"2025-11-13T00:01:50","modified_gmt":"2025-11-12T23:01:50","slug":"dr-margret-wildegger","status":"publish","type":"page","link":"https:\/\/andrologie-zentrum.de\/news\/team-refertilisierung\/dr-margret-wildegger\/","title":{"rendered":"Dr. med. Margret Wildegger"},"content":{"rendered":"<div data-colibri-id=\"7121-c1\" class=\"style-2863 style-local-7121-c1 position-relative\">\n  <!---->\n  <div data-colibri-component=\"section\" data-colibri-id=\"7121-c2\" id=\"custom\" class=\"h-section h-section-global-spacing d-flex align-items-lg-center align-items-md-center align-items-center style-2864 style-local-7121-c2 position-relative\">\n    <!---->\n    <!---->\n    <div class=\"h-section-grid-container h-section-boxed-container\">\n      <!---->\n      <div data-colibri-id=\"7121-c3\" class=\"h-row-container gutters-row-lg-2 gutters-row-md-2 gutters-row-0 gutters-row-v-lg-2 gutters-row-v-md-2 gutters-row-v-2 style-2865 style-local-7121-c3 position-relative\">\n        <!---->\n        <div class=\"h-row justify-content-lg-center justify-content-md-center justify-content-center align-items-lg-stretch align-items-md-stretch align-items-stretch gutters-col-lg-2 gutters-col-md-2 gutters-col-0 gutters-col-v-lg-2 gutters-col-v-md-2 gutters-col-v-2\">\n          <!---->\n          <div class=\"h-column h-column-container d-flex h-col-lg-auto h-col-md-auto h-col-auto style-2866-outer style-local-7121-c4-outer\">\n            <div data-colibri-id=\"7121-c4\" class=\"d-flex h-flex-basis h-column__inner h-px-lg-2 h-px-md-2 h-px-2 v-inner-lg-2 v-inner-md-2 v-inner-2 style-2866 style-local-7121-c4 position-relative\">\n              <!---->\n              <!---->\n              <div class=\"w-100 h-y-container h-column__content h-column__v-align flex-basis-100 align-self-lg-start align-self-md-start align-self-start\">\n                <!---->\n                <div data-colibri-id=\"7121-c5\" class=\"d-block style-2895 style-local-7121-c5 position-relative h-element\">\n                  <!---->\n                  <div class=\"h-image__frame-container-outer\">\n                    <div class=\"h-image__frame-container\">\n                      <!---->\n                      <!---->\n                      <img loading=\"lazy\" decoding=\"async\" width=\"500\" height=\"500\" src=\"https:\/\/andrologie-zentrum.de\/news\/wp-content\/uploads\/2025\/07\/cropped-andrologie-muenchen-dr-wildegger.jpg\" class=\"wp-image-7597 style-2895-image style-local-7121-c5-image\" alt=\"andrologie-muenchen-dr-wildegger\" srcset=\"https:\/\/andrologie-zentrum.de\/news\/wp-content\/uploads\/2025\/07\/cropped-andrologie-muenchen-dr-wildegger.jpg 500w, https:\/\/andrologie-zentrum.de\/news\/wp-content\/uploads\/2025\/07\/cropped-andrologie-muenchen-dr-wildegger-300x300.jpg 300w, https:\/\/andrologie-zentrum.de\/news\/wp-content\/uploads\/2025\/07\/cropped-andrologie-muenchen-dr-wildegger-150x150.jpg 150w\" sizes=\"(max-width: 500px) 100vw, 500px\" \/>\n                      <div class=\"h-image__frame h-hide-lg h-hide-md h-hide-sm style-2895-frameImage style-local-7121-c5-frameImage\"><\/div>\n                    <\/div>\n                  <\/div>\n                <\/div>\n                <div data-colibri-id=\"7121-c6\" class=\"h-text h-text-component style-2873 style-local-7121-c6 position-relative h-element\">\n                  <!---->\n                  <!---->\n                  <div class=\"\">\n                    <p><strong style=\"font-weight: 700;\"> <\/strong><span style=\"font-weight: 600;\">Dr. med. Margret Wildegger<\/span>\n                      <br>Fach\u00e4rztin f\u00fcr Urologie\n                      <br>\n                    <\/p>\n                  <\/div>\n                <\/div>\n              <\/div>\n            <\/div>\n          <\/div>\n          <div class=\"h-column h-column-container d-flex h-col-lg-auto h-col-md-auto h-col-auto style-2867-outer style-local-7121-c7-outer\">\n            <div data-colibri-id=\"7121-c7\" class=\"d-flex h-flex-basis h-column__inner h-px-lg-2 h-px-md-2 h-px-2 v-inner-lg-2 v-inner-md-2 v-inner-2 style-2867 style-local-7121-c7 position-relative\">\n              <!---->\n              <!---->\n              <div class=\"w-100 h-y-container h-column__content h-column__v-align flex-basis-100 align-self-lg-start align-self-md-start align-self-start\">\n                <!---->\n                <div data-colibri-id=\"7121-c8\" class=\"h-text h-text-component style-2869 style-local-7121-c8 position-relative h-element\">\n                  <!---->\n                  <!---->\n                  <div class=\"\">\n                    <p><strong style=\"font-weight: 700;\">Vita<\/strong><\/p>\n                    <p>1994 &#8211; 2002\n                      <br>Medizinstudium an den Universit\u00e4ten Regensburg,\n                      <br>TU M\u00fcnchen und LMU <span style=\"font-weight: 400;\">M\u00fcnchen<\/span><\/p>\n                    <p>2004 Promotion (magna cum laude) an der TU M\u00fcnchen<\/p>\n                    <p>2003 &#8211; 2008 Facharztausbildung an der Urologischen Abteilung\n                      <br>am Krankenhaus Barmherzige&nbsp;Br\u00fcder in M\u00fcnchen<\/p>\n                    <p>2014 Zusatzbezeichnung Hom\u00f6opathie der Bayer. Landes\u00e4rztekammer<\/p>\n                    <p>2017-2018 Psychosomatische Grundversorgung<\/p>\n                    <p>2015-2023 Praxist\u00e4tigkeit als angestellte Urologin in\n                      <br>mehreren Praxen in M\u00fcnchen<\/p>\n                    <p>2\/2024 &#8211; 2\/2025 Weiterbildung am Institut f\u00fcr Arbeits-, Sozial- und Umweltmedizin am Klinikum&nbsp;der LMU M\u00fcnchen<\/p>\n                    <p><span style=\"font-weight: 400;\">Ab 1.3.25 angestellte Fach\u00e4rztin zur Zusatzweiterbildung in Andrologie am Andrologie Centrum M\u00fcnchen<\/span><\/p>\n                  <\/div>\n                <\/div>\n              <\/div>\n            <\/div>\n          <\/div>\n        <\/div>\n      <\/div>\n    <\/div>\n  <\/div>\n  <div data-colibri-component=\"section\" data-colibri-id=\"7121-c9\" id=\"custom-2\" class=\"h-section h-section-global-spacing d-flex align-items-lg-center align-items-md-center align-items-center style-2874 style-local-7121-c9 position-relative\">\n    <!---->\n    <!---->\n    <div class=\"h-section-grid-container h-section-boxed-container\">\n      <!---->\n      <div data-colibri-id=\"7121-c10\" class=\"h-row-container gutters-row-lg-2 gutters-row-md-2 gutters-row-0 gutters-row-v-lg-2 gutters-row-v-md-2 gutters-row-v-2 style-2875 style-local-7121-c10 position-relative\">\n        <!---->\n        <div class=\"h-row justify-content-lg-center justify-content-md-center justify-content-center align-items-lg-stretch align-items-md-stretch align-items-stretch gutters-col-lg-2 gutters-col-md-2 gutters-col-0 gutters-col-v-lg-2 gutters-col-v-md-2 gutters-col-v-2\">\n          <!---->\n          <div class=\"h-column h-column-container d-flex h-col-lg-auto h-col-md-auto h-col-auto style-2876-outer style-local-7121-c11-outer\">\n            <div data-colibri-id=\"7121-c11\" class=\"d-flex h-flex-basis h-column__inner h-ui-empty-state-container h-px-lg-2 h-px-md-2 h-px-2 v-inner-lg-2 v-inner-md-2 v-inner-2 style-2876 style-local-7121-c11 position-relative\">\n              <!---->\n              <!---->\n              <div class=\"w-100 h-y-container h-column__content h-column__v-align flex-basis-100\">\n                <!---->\n              <\/div>\n            <\/div>\n          <\/div>\n        <\/div>\n      <\/div>\n    <\/div>\n  <\/div>\n<\/div>","protected":false},"excerpt":{"rendered":"<p>Dr. med. Margret Wildegger Fach\u00e4rztin f\u00fcr Urologie Vita 1994 &#8211; 2002 Medizinstudium an den Universit\u00e4ten Regensburg, TU M\u00fcnchen und LMU M\u00fcnchen 2004 Promotion (magna cum laude) an der TU M\u00fcnchen 2003 &#8211; 2008 Facharztausbildung an der Urologischen Abteilung am Krankenhaus Barmherzige&nbsp;Br\u00fcder in M\u00fcnchen 2014 Zusatzbezeichnung Hom\u00f6opathie der Bayer. Landes\u00e4rztekammer 2017-2018 Psychosomatische Grundversorgung 2015-2023 Praxist\u00e4tigkeit als [&hellip;]<\/p>\n","protected":false},"author":1,"featured_media":0,"parent":352,"menu_order":0,"comment_status":"closed","ping_status":"closed","template":"page-templates\/full-width-page.php","meta":{"footnotes":""},"yoast_head":"<!-- This site is optimized with the Yoast SEO plugin v22.7 - https:\/\/yoast.com\/wordpress\/plugins\/seo\/ -->\n<title>Dr. med. Margret Wildegger - Andrologie Centrum M\u00fcnchen Prof. Dr. med. J. Ullrich Schwarzer<\/title>\n<meta name=\"description\" content=\"Andrologie Centrum M\u00fcnchen Prof. Dr. med. J. Ullrich Schwarzer\" \/>\n<meta name=\"robots\" content=\"index, follow, max-snippet:-1, max-image-preview:large, max-video-preview:-1\" \/>\n<link rel=\"canonical\" href=\"https:\/\/andrologie-zentrum.de\/news\/team-refertilisierung\/dr-margret-wildegger\/\" \/>\n<meta property=\"og:locale\" content=\"de_DE\" \/>\n<meta property=\"og:type\" content=\"article\" \/>\n<meta property=\"og:title\" content=\"Dr. med. Margret Wildegger - Andrologie Centrum M\u00fcnchen Prof. Dr. med. J. Ullrich Schwarzer\" \/>\n<meta property=\"og:description\" content=\"Andrologie Centrum M\u00fcnchen Prof. Dr. med. J. Ullrich Schwarzer\" \/>\n<meta property=\"og:url\" content=\"https:\/\/andrologie-zentrum.de\/news\/team-refertilisierung\/dr-margret-wildegger\/\" \/>\n<meta property=\"og:site_name\" content=\"Andrologie Centrum M\u00fcnchen Prof. Dr. med. J. Ullrich Schwarzer\" \/>\n<meta property=\"article:modified_time\" content=\"2025-11-12T23:01:50+00:00\" \/>\n<meta property=\"og:image\" content=\"https:\/\/andrologie-zentrum.de\/news\/wp-content\/uploads\/2025\/07\/cropped-andrologie-muenchen-dr-wildegger.jpg\" \/>\n<meta name=\"twitter:card\" content=\"summary_large_image\" \/>\n<meta name=\"twitter:label1\" content=\"Gesch\u00e4tzte Lesezeit\" \/>\n\t<meta name=\"twitter:data1\" content=\"1\u00a0Minute\" \/>\n<script type=\"application\/ld+json\" class=\"yoast-schema-graph\">{\"@context\":\"https:\/\/schema.org\",\"@graph\":[{\"@type\":\"WebPage\",\"@id\":\"https:\/\/andrologie-zentrum.de\/news\/team-refertilisierung\/dr-margret-wildegger\/\",\"url\":\"https:\/\/andrologie-zentrum.de\/news\/team-refertilisierung\/dr-margret-wildegger\/\",\"name\":\"Dr. med. Margret Wildegger - Andrologie Centrum M\u00fcnchen Prof. Dr. med. J. Ullrich Schwarzer\",\"isPartOf\":{\"@id\":\"https:\/\/andrologie-zentrum.de\/news\/#website\"},\"primaryImageOfPage\":{\"@id\":\"https:\/\/andrologie-zentrum.de\/news\/team-refertilisierung\/dr-margret-wildegger\/#primaryimage\"},\"image\":{\"@id\":\"https:\/\/andrologie-zentrum.de\/news\/team-refertilisierung\/dr-margret-wildegger\/#primaryimage\"},\"thumbnailUrl\":\"https:\/\/andrologie-zentrum.de\/news\/wp-content\/uploads\/2025\/07\/cropped-andrologie-muenchen-dr-wildegger.jpg\",\"datePublished\":\"2024-10-22T14:59:07+00:00\",\"dateModified\":\"2025-11-12T23:01:50+00:00\",\"description\":\"Andrologie Centrum M\u00fcnchen Prof. Dr. med. J. Ullrich Schwarzer\",\"breadcrumb\":{\"@id\":\"https:\/\/andrologie-zentrum.de\/news\/team-refertilisierung\/dr-margret-wildegger\/#breadcrumb\"},\"inLanguage\":\"de\",\"potentialAction\":[{\"@type\":\"ReadAction\",\"target\":[\"https:\/\/andrologie-zentrum.de\/news\/team-refertilisierung\/dr-margret-wildegger\/\"]}]},{\"@type\":\"ImageObject\",\"inLanguage\":\"de\",\"@id\":\"https:\/\/andrologie-zentrum.de\/news\/team-refertilisierung\/dr-margret-wildegger\/#primaryimage\",\"url\":\"https:\/\/andrologie-zentrum.de\/news\/wp-content\/uploads\/2025\/07\/cropped-andrologie-muenchen-dr-wildegger.jpg\",\"contentUrl\":\"https:\/\/andrologie-zentrum.de\/news\/wp-content\/uploads\/2025\/07\/cropped-andrologie-muenchen-dr-wildegger.jpg\",\"width\":500,\"height\":500,\"caption\":\"andrologie-muenchen-dr-wildegger\"},{\"@type\":\"BreadcrumbList\",\"@id\":\"https:\/\/andrologie-zentrum.de\/news\/team-refertilisierung\/dr-margret-wildegger\/#breadcrumb\",\"itemListElement\":[{\"@type\":\"ListItem\",\"position\":1,\"name\":\"Startseite\",\"item\":\"https:\/\/andrologie-zentrum.de\/news\/\"},{\"@type\":\"ListItem\",\"position\":2,\"name\":\"Unser Team\",\"item\":\"https:\/\/andrologie-zentrum.de\/news\/team-refertilisierung\/\"},{\"@type\":\"ListItem\",\"position\":3,\"name\":\"Dr. med. Margret Wildegger\"}]},{\"@type\":\"WebSite\",\"@id\":\"https:\/\/andrologie-zentrum.de\/news\/#website\",\"url\":\"https:\/\/andrologie-zentrum.de\/news\/\",\"name\":\"Andrologie Centrum M\u00fcnchen Prof. Dr. med. J. Ullrich Schwarzer\",\"description\":\"Mikrochirurgie \u2013 Genitalchirurgie \u2013 operative Andrologie in M\u00fcnchen\",\"publisher\":{\"@id\":\"https:\/\/andrologie-zentrum.de\/news\/#organization\"},\"potentialAction\":[{\"@type\":\"SearchAction\",\"target\":{\"@type\":\"EntryPoint\",\"urlTemplate\":\"https:\/\/andrologie-zentrum.de\/news\/?s={search_term_string}\"},\"query-input\":\"required name=search_term_string\"}],\"inLanguage\":\"de\"},{\"@type\":\"Organization\",\"@id\":\"https:\/\/andrologie-zentrum.de\/news\/#organization\",\"name\":\"Andrologie Centrum M\u00fcnchen f\u00fcr Refertilisierung\",\"alternateName\":\"Praxis f\u00fcr Refertilisierung beim Mann und f\u00fcr Andrologie\",\"url\":\"https:\/\/andrologie-zentrum.de\/news\/\",\"logo\":{\"@type\":\"ImageObject\",\"inLanguage\":\"de\",\"@id\":\"https:\/\/andrologie-zentrum.de\/news\/#\/schema\/logo\/image\/\",\"url\":\"https:\/\/andrologie-zentrum.de\/news\/wp-content\/uploads\/2022\/03\/cropped-logo-startseite-andrologie-centrum-muenchen-refertilisierung.png\",\"contentUrl\":\"https:\/\/andrologie-zentrum.de\/news\/wp-content\/uploads\/2022\/03\/cropped-logo-startseite-andrologie-centrum-muenchen-refertilisierung.png\",\"width\":76,\"height\":67,\"caption\":\"Andrologie Centrum M\u00fcnchen f\u00fcr Refertilisierung\"},\"image\":{\"@id\":\"https:\/\/andrologie-zentrum.de\/news\/#\/schema\/logo\/image\/\"}}]}<\/script>\n<!-- \/ Yoast SEO plugin. -->","yoast_head_json":{"title":"Dr. med. Margret Wildegger - Andrologie Centrum M\u00fcnchen Prof. Dr. med. J. Ullrich Schwarzer","description":"Andrologie Centrum M\u00fcnchen Prof. Dr. med. J. Ullrich Schwarzer","robots":{"index":"index","follow":"follow","max-snippet":"max-snippet:-1","max-image-preview":"max-image-preview:large","max-video-preview":"max-video-preview:-1"},"canonical":"https:\/\/andrologie-zentrum.de\/news\/team-refertilisierung\/dr-margret-wildegger\/","og_locale":"de_DE","og_type":"article","og_title":"Dr. med. Margret Wildegger - Andrologie Centrum M\u00fcnchen Prof. Dr. med. J. Ullrich Schwarzer","og_description":"Andrologie Centrum M\u00fcnchen Prof. Dr. med. J. Ullrich Schwarzer","og_url":"https:\/\/andrologie-zentrum.de\/news\/team-refertilisierung\/dr-margret-wildegger\/","og_site_name":"Andrologie Centrum M\u00fcnchen Prof. Dr. med. J. Ullrich Schwarzer","article_modified_time":"2025-11-12T23:01:50+00:00","og_image":[{"url":"https:\/\/andrologie-zentrum.de\/news\/wp-content\/uploads\/2025\/07\/cropped-andrologie-muenchen-dr-wildegger.jpg"}],"twitter_card":"summary_large_image","twitter_misc":{"Gesch\u00e4tzte Lesezeit":"1\u00a0Minute"},"schema":{"@context":"https:\/\/schema.org","@graph":[{"@type":"WebPage","@id":"https:\/\/andrologie-zentrum.de\/news\/team-refertilisierung\/dr-margret-wildegger\/","url":"https:\/\/andrologie-zentrum.de\/news\/team-refertilisierung\/dr-margret-wildegger\/","name":"Dr. med. Margret Wildegger - Andrologie Centrum M\u00fcnchen Prof. Dr. med. J. Ullrich Schwarzer","isPartOf":{"@id":"https:\/\/andrologie-zentrum.de\/news\/#website"},"primaryImageOfPage":{"@id":"https:\/\/andrologie-zentrum.de\/news\/team-refertilisierung\/dr-margret-wildegger\/#primaryimage"},"image":{"@id":"https:\/\/andrologie-zentrum.de\/news\/team-refertilisierung\/dr-margret-wildegger\/#primaryimage"},"thumbnailUrl":"https:\/\/andrologie-zentrum.de\/news\/wp-content\/uploads\/2025\/07\/cropped-andrologie-muenchen-dr-wildegger.jpg","datePublished":"2024-10-22T14:59:07+00:00","dateModified":"2025-11-12T23:01:50+00:00","description":"Andrologie Centrum M\u00fcnchen Prof. Dr. med. J. Ullrich Schwarzer","breadcrumb":{"@id":"https:\/\/andrologie-zentrum.de\/news\/team-refertilisierung\/dr-margret-wildegger\/#breadcrumb"},"inLanguage":"de","potentialAction":[{"@type":"ReadAction","target":["https:\/\/andrologie-zentrum.de\/news\/team-refertilisierung\/dr-margret-wildegger\/"]}]},{"@type":"ImageObject","inLanguage":"de","@id":"https:\/\/andrologie-zentrum.de\/news\/team-refertilisierung\/dr-margret-wildegger\/#primaryimage","url":"https:\/\/andrologie-zentrum.de\/news\/wp-content\/uploads\/2025\/07\/cropped-andrologie-muenchen-dr-wildegger.jpg","contentUrl":"https:\/\/andrologie-zentrum.de\/news\/wp-content\/uploads\/2025\/07\/cropped-andrologie-muenchen-dr-wildegger.jpg","width":500,"height":500,"caption":"andrologie-muenchen-dr-wildegger"},{"@type":"BreadcrumbList","@id":"https:\/\/andrologie-zentrum.de\/news\/team-refertilisierung\/dr-margret-wildegger\/#breadcrumb","itemListElement":[{"@type":"ListItem","position":1,"name":"Startseite","item":"https:\/\/andrologie-zentrum.de\/news\/"},{"@type":"ListItem","position":2,"name":"Unser Team","item":"https:\/\/andrologie-zentrum.de\/news\/team-refertilisierung\/"},{"@type":"ListItem","position":3,"name":"Dr. med. Margret Wildegger"}]},{"@type":"WebSite","@id":"https:\/\/andrologie-zentrum.de\/news\/#website","url":"https:\/\/andrologie-zentrum.de\/news\/","name":"Andrologie Centrum M\u00fcnchen Prof. Dr. med. J. Ullrich Schwarzer","description":"Mikrochirurgie \u2013 Genitalchirurgie \u2013 operative Andrologie in M\u00fcnchen","publisher":{"@id":"https:\/\/andrologie-zentrum.de\/news\/#organization"},"potentialAction":[{"@type":"SearchAction","target":{"@type":"EntryPoint","urlTemplate":"https:\/\/andrologie-zentrum.de\/news\/?s={search_term_string}"},"query-input":"required name=search_term_string"}],"inLanguage":"de"},{"@type":"Organization","@id":"https:\/\/andrologie-zentrum.de\/news\/#organization","name":"Andrologie Centrum M\u00fcnchen f\u00fcr Refertilisierung","alternateName":"Praxis f\u00fcr Refertilisierung beim Mann und f\u00fcr Andrologie","url":"https:\/\/andrologie-zentrum.de\/news\/","logo":{"@type":"ImageObject","inLanguage":"de","@id":"https:\/\/andrologie-zentrum.de\/news\/#\/schema\/logo\/image\/","url":"https:\/\/andrologie-zentrum.de\/news\/wp-content\/uploads\/2022\/03\/cropped-logo-startseite-andrologie-centrum-muenchen-refertilisierung.png","contentUrl":"https:\/\/andrologie-zentrum.de\/news\/wp-content\/uploads\/2022\/03\/cropped-logo-startseite-andrologie-centrum-muenchen-refertilisierung.png","width":76,"height":67,"caption":"Andrologie Centrum M\u00fcnchen f\u00fcr Refertilisierung"},"image":{"@id":"https:\/\/andrologie-zentrum.de\/news\/#\/schema\/logo\/image\/"}}]}},"_links":{"self":[{"href":"https:\/\/andrologie-zentrum.de\/news\/wp-json\/wp\/v2\/pages\/7121"}],"collection":[{"href":"https:\/\/andrologie-zentrum.de\/news\/wp-json\/wp\/v2\/pages"}],"about":[{"href":"https:\/\/andrologie-zentrum.de\/news\/wp-json\/wp\/v2\/types\/page"}],"author":[{"embeddable":true,"href":"https:\/\/andrologie-zentrum.de\/news\/wp-json\/wp\/v2\/users\/1"}],"replies":[{"embeddable":true,"href":"https:\/\/andrologie-zentrum.de\/news\/wp-json\/wp\/v2\/comments?post=7121"}],"version-history":[{"count":13,"href":"https:\/\/andrologie-zentrum.de\/news\/wp-json\/wp\/v2\/pages\/7121\/revisions"}],"predecessor-version":[{"id":7795,"href":"https:\/\/andrologie-zentrum.de\/news\/wp-json\/wp\/v2\/pages\/7121\/revisions\/7795"}],"up":[{"embeddable":true,"href":"https:\/\/andrologie-zentrum.de\/news\/wp-json\/wp\/v2\/pages\/352"}],"wp:attachment":[{"href":"https:\/\/andrologie-zentrum.de\/news\/wp-json\/wp\/v2\/media?parent=7121"}],"curies":[{"name":"wp","href":"https:\/\/api.w.org\/{rel}","templated":true}]}}